{"id":47,"date":"2023-08-13T17:44:18","date_gmt":"2023-08-13T17:44:18","guid":{"rendered":"https:\/\/www.thtbiopro.com\/?page_id=47"},"modified":"2023-08-23T10:49:40","modified_gmt":"2023-08-23T10:49:40","slug":"consommables","status":"publish","type":"page","link":"https:\/\/www.thtbiopro.com\/?page_id=47","title":{"rendered":"Consommables"},"content":{"rendered":"\n<h2 class=\"wp-block-heading\">Visotubes et gobelets<\/h2>\n\n\n\n<div class=\"wp-block-media-text is-stacked-on-mobile\"><figure class=\"wp-block-media-text__media\"><img decoding=\"async\" loading=\"lazy\" width=\"127\" height=\"93\" src=\"https:\/\/www.thtbiopro.com\/wp-content\/uploads\/2023\/08\/visiotube-et-gobelet.jpg\" alt=\"\" class=\"wp-image-119 size-full\"\/><\/figure><div class=\"wp-block-media-text__content\">\n<p>Stockage en azote liquide d&rsquo;\u00e9chantillons biologiques conditionn\u00e9s en paillettes, elles-m\u00eames regroup\u00e9es par code couleurs. Les paillettes CBS Haute S\u00e9curit\u00e9 sont ins\u00e9r\u00e9es dans des visotubes, lesquels sont log\u00e9s dans des gobelets color\u00e9s avant d&rsquo;\u00eatre stock\u00e9s dans les unit\u00e9s de cryoconservation. Les gobelets existent en 8 couleurs diff\u00e9rentes et leurs sous-compartiments (visotubes) sont disponibles en 12 couleurs diff\u00e9rentes.<\/p>\n\n\n\n<div class=\"wp-block-buttons is-layout-flex wp-block-buttons-is-layout-flex\">\n<div class=\"wp-block-button\"><a class=\"wp-block-button__link wp-element-button\"><mark style=\"background-color:#ff6900\" class=\"has-inline-color has-white-color\">Contacter Nous<\/mark><\/a><\/div>\n<\/div>\n<\/div><\/div>\n\n\n\n<hr class=\"wp-block-separator has-alpha-channel-opacity\"\/>\n\n\n\n<h2 class=\"wp-block-heading\">Canisters<\/h2>\n\n\n\n<div class=\"wp-block-media-text is-stacked-on-mobile\"><figure class=\"wp-block-media-text__media\"><img decoding=\"async\" loading=\"lazy\" width=\"500\" height=\"288\" src=\"https:\/\/www.thtbiopro.com\/wp-content\/uploads\/2023\/08\/canisters.jpg\" alt=\"\" class=\"wp-image-118 size-full\" srcset=\"https:\/\/www.thtbiopro.com\/wp-content\/uploads\/2023\/08\/canisters.jpg 500w, https:\/\/www.thtbiopro.com\/wp-content\/uploads\/2023\/08\/canisters-300x173.jpg 300w\" sizes=\"(max-width: 500px) 100vw, 500px\" \/><\/figure><div class=\"wp-block-media-text__content\">\n<p>Les canisters sont des racks cylindriques de stockage en azote liquide ou en vapeurs d&rsquo;azote permettant de superposer les gobelets. Le concept de stockage en gobelets et canisters s&rsquo;adapte \u00e0 tous les types de cuves d&rsquo;azote ou de cong\u00e9lateurs \u00e9lectriques.<\/p>\n<\/div><\/div>\n\n\n\n<p>Il existe cinq hauteurs de canisters, ces derniers pouvant contenir entre 2 et 6 gobelets. Un manchon color\u00e9 figurant \u00e0 l&rsquo;extr\u00e9mit\u00e9 de la tirette (tige m\u00e9tallique courb\u00e9e permettant le rel\u00e8vement de la colonne de gobelets) permet d&rsquo;identifier visuellement chaque canister. Les canisters sont plac\u00e9s dans la cuve d&rsquo;azote avant que celle-ci ne soit remplie d&rsquo;azote liquide. Les gobelets sont empil\u00e9s et relev\u00e9s un par un \u00e0 l&rsquo;aide de la tirette. Toute manipulation de gobelets doit \u00eatre effectu\u00e9e dans l&rsquo;environnement froid du col de la cuve de stockage en azote afin d&rsquo;assurer le maintien d&rsquo;une temp\u00e9rature stable des \u00e9chantillons.<\/p>\n\n\n\n<div class=\"wp-block-buttons is-layout-flex wp-block-buttons-is-layout-flex\">\n<div class=\"wp-block-button\"><a class=\"wp-block-button__link wp-element-button\"><mark style=\"background-color:#ff6900\" class=\"has-inline-color has-white-color\">Nous Contacter<\/mark><\/a><\/div>\n<\/div>\n\n\n\n<hr class=\"wp-block-separator has-alpha-channel-opacity\"\/>\n\n\n\n<h2 class=\"wp-block-heading\">Dispositif d\u2019ouverture pour paillettes de Vitrification Haute S\u00e9curit\u00e9 CBS<\/h2>\n\n\n\n<div class=\"wp-block-media-text is-stacked-on-mobile\"><figure class=\"wp-block-media-text__media\"><img decoding=\"async\" loading=\"lazy\" width=\"1024\" height=\"967\" src=\"https:\/\/www.thtbiopro.com\/wp-content\/uploads\/2023\/08\/support-coupe-paillette-1024x967-1.jpg\" alt=\"\" class=\"wp-image-99 size-full\" srcset=\"https:\/\/www.thtbiopro.com\/wp-content\/uploads\/2023\/08\/support-coupe-paillette-1024x967-1.jpg 1024w, https:\/\/www.thtbiopro.com\/wp-content\/uploads\/2023\/08\/support-coupe-paillette-1024x967-1-300x283.jpg 300w, https:\/\/www.thtbiopro.com\/wp-content\/uploads\/2023\/08\/support-coupe-paillette-1024x967-1-768x725.jpg 768w\" sizes=\"(max-width: 1024px) 100vw, 1024px\" \/><\/figure><div class=\"wp-block-media-text__content\">\n<p>Ce dispositif  est exclusivement destin\u00e9 aux proc\u00e9dures d\u2019ouverture de la paillette de Vitrification Haute S\u00e9curit\u00e9 CBS. C\u2019est un dispositif ambidextre. Il peut \u00eatre pris en main directement ou via son support (accessoire permettant une moins grande proximit\u00e9 avec l\u2019azote liquide).<\/p>\n\n\n\n<div class=\"wp-block-buttons is-layout-flex wp-block-buttons-is-layout-flex\">\n<div class=\"wp-block-button\"><a class=\"wp-block-button__link wp-element-button\"><mark style=\"background-color:#ff6900\" class=\"has-inline-color has-white-color\">Contacter Nous<\/mark><\/a><\/div>\n<\/div>\n<\/div><\/div>\n\n\n\n<hr class=\"wp-block-separator has-alpha-channel-opacity\"\/>\n\n\n\n<p><\/p>\n\n\n\n<h2 class=\"wp-block-heading\">Tubes CBS Haute S\u00e9curit\u00e9<\/h2>\n\n\n\n<div class=\"wp-block-media-text is-stacked-on-mobile\" style=\"grid-template-columns:48% auto\"><figure class=\"wp-block-media-text__media\"><img decoding=\"async\" loading=\"lazy\" width=\"255\" height=\"245\" src=\"https:\/\/www.thtbiopro.com\/wp-content\/uploads\/2023\/08\/CBS-High-Security-Tubes.jpg\" alt=\"\" class=\"wp-image-96 size-full\"\/><\/figure><div class=\"wp-block-media-text__content\">\n<p>L\u2019unique syst\u00e8me enti\u00e8rement s\u00e9curis\u00e9 pour le stockage en azote liquide.<\/p>\n\n\n\n<p>Le tube CBS Haute S\u00e9curit\u00e9 est l\u2019adaptation du concept de haute-s\u00e9curit\u00e9 de CBS d\u00e9di\u00e9 \u00e0 pr\u00e9server de mani\u00e8re optimale tout type d\u2019\u00e9chantillon. En r\u00e9sine biocompatible, le tube CBS \u00e9limine tout risque li\u00e9 \u00e0 la contamination crois\u00e9e et aux probl\u00e8mes que posent le stockage en azote liquide.<\/p>\n\n\n\n<p>Une fois compl\u00e8tement scell\u00e9 gr\u00e2ce \u00e0 la soudeuse SYMS III, le tube CBS Haute S\u00e9curit\u00e9 sera plac\u00e9 dans des bo\u00eetes de stockage et dans les syst\u00e8mes de stockage actuels.<\/p>\n<\/div><\/div>\n\n\n\n<div class=\"wp-block-buttons is-layout-flex wp-block-buttons-is-layout-flex\">\n<div class=\"wp-block-button\"><a class=\"wp-block-button__link wp-element-button\"><mark style=\"background-color:#ff6900\" class=\"has-inline-color has-white-color\">Contacter Nous<\/mark><\/a><\/div>\n<\/div>\n\n\n\n<hr class=\"wp-block-separator has-alpha-channel-opacity\"\/>\n\n\n\n<p><\/p>\n\n\n\n<h2 class=\"wp-block-heading\">Pipettes d\u2019injection, de contention et de biopsie<\/h2>\n\n\n\n<div class=\"wp-block-media-text is-stacked-on-mobile\"><figure class=\"wp-block-media-text__media\"><img decoding=\"async\" loading=\"lazy\" width=\"255\" height=\"245\" src=\"https:\/\/www.thtbiopro.com\/wp-content\/uploads\/2023\/08\/Injection-holding-and-biopsy-pipettes.jpg\" alt=\"\" class=\"wp-image-98 size-full\"\/><\/figure><div class=\"wp-block-media-text__content\">\n<p>Pipettes d\u2019injection<br>Les pipettes d\u2019injection sont utilis\u00e9es pour effectuer l\u2019injection intracytoplasmique de sperme (ICSI).<br>Leur forme g\u00e9n\u00e9rale et la configuration de leur extr\u00e9mit\u00e9 sont sp\u00e9cifiquement con\u00e7ues pour assurer un mouvement fluide et sans heurt de leur contenu.<br>Plusieurs spermatozo\u00efdes peuvent \u00eatre charg\u00e9s afin d\u2019injecter plusieurs ovocytes en m\u00eame temps. L\u2019extr\u00e9mit\u00e9 courte, fine et incisive de la pointe autorise une p\u00e9n\u00e9tration ais\u00e9e et atraumatique de l\u2019ovocyte<\/p>\n\n\n\n<div class=\"wp-block-buttons is-layout-flex wp-block-buttons-is-layout-flex\">\n<div class=\"wp-block-button\"><a class=\"wp-block-button__link wp-element-button\"><mark style=\"background-color:#ff6900\" class=\"has-inline-color has-white-color\">Contacter Nous<\/mark><\/a><\/div>\n<\/div>\n<\/div><\/div>\n\n\n\n<hr class=\"wp-block-separator has-alpha-channel-opacity\"\/>\n\n\n\n<p><\/p>\n\n\n\n<h2 class=\"wp-block-heading\">Paillette CBS Haute S\u00e9curit\u00e9 sperme<\/h2>\n\n\n\n<div class=\"wp-block-media-text is-stacked-on-mobile\"><figure class=\"wp-block-media-text__media\"><img decoding=\"async\" loading=\"lazy\" width=\"255\" height=\"245\" src=\"https:\/\/www.thtbiopro.com\/wp-content\/uploads\/2023\/08\/CBS-High-Security-Sperm-Straw.jpg\" alt=\"\" class=\"wp-image-95 size-full\"\/><\/figure><div class=\"wp-block-media-text__content\">\n<p>Cong\u00e9lation et cryoconservation de sperme humain.<br>Les propri\u00e9t\u00e9s sp\u00e9cifiques et le mode de remplissage ainsi que le soudage des paillettes CBS Haute S\u00e9curit\u00e9 con\u00e7ues pour la cryoconservation d\u2019\u00e9chantillons biologiques humains leur conf\u00e8rent une totale \u00e9tanch\u00e9it\u00e9, particuli\u00e8rement dans l\u2019azote liquide. Fabriqu\u00e9es \u00e0 partir de mat\u00e9riaux biocompatibles, elles sont adapt\u00e9es aux techniques d\u2019Assistance M\u00e9dicale \u00e0 la Procr\u00e9ation et notamment \u00e0 la cryoconservation du sperme. La paillette CBS Haute S\u00e9curit\u00e9 se pr\u00e9sente sous forme d\u2019un tube souple transparent constitu\u00e9 de r\u00e9sine ionom\u00e8re.<\/p>\n<\/div><\/div>\n\n\n\n<div class=\"wp-block-buttons is-layout-flex wp-block-buttons-is-layout-flex\">\n<div class=\"wp-block-button\"><a class=\"wp-block-button__link wp-element-button\"><mark style=\"background-color:#ff6900\" class=\"has-inline-color has-white-color\">Contacter Nous<\/mark><\/a><\/div>\n<\/div>\n\n\n\n<p><\/p>\n\n\n\n<hr class=\"wp-block-separator has-alpha-channel-opacity\"\/>\n\n\n\n<h2 class=\"wp-block-heading\">Paillette Haute S\u00e9curit\u00e9 embryon et sperme<\/h2>\n\n\n\n<div class=\"wp-block-media-text is-stacked-on-mobile\"><figure class=\"wp-block-media-text__media\"><img decoding=\"async\" loading=\"lazy\" width=\"255\" height=\"245\" src=\"https:\/\/www.thtbiopro.com\/wp-content\/uploads\/2023\/08\/CBS-High-Security-embryo-and-sperm-straw.jpg\" alt=\"\" class=\"wp-image-94 size-full\"\/><\/figure><div class=\"wp-block-media-text__content\">\n<p>La paillette CBS Haute S\u00e9curit\u00e9 embryon et sperme avec bouchon tress\u00e9 est sp\u00e9cifiquement con\u00e7ue pour la cryoconservation au long cours d\u2019\u00e9chantillons biologiques d\u2019origine humaine, notamment dans l\u2019azote liquide. Fabriqu\u00e9e \u00e0 partir de mat\u00e9riaux biocompatibles, elle est appropri\u00e9e aux techniques d\u2019Assistance M\u00e9dicale \u00e0 la Procr\u00e9ation et plus sp\u00e9cifiquement \u00e0 la cryopr\u00e9servation d\u2019embryons ou de sperme.<\/p>\n\n\n\n<div class=\"wp-block-buttons is-layout-flex wp-block-buttons-is-layout-flex\">\n<div class=\"wp-block-button\"><a class=\"wp-block-button__link wp-element-button\"><mark style=\"background-color:#ff6900\" class=\"has-inline-color has-white-color\">Contacter Nous<\/mark><\/a><\/div>\n<\/div>\n<\/div><\/div>\n\n\n\n<hr class=\"wp-block-separator has-alpha-channel-opacity\"\/>\n\n\n\n<p><\/p>\n\n\n\n<h2 class=\"wp-block-heading\">Lames LEJA<\/h2>\n\n\n\n<div class=\"wp-block-media-text is-stacked-on-mobile\"><figure class=\"wp-block-media-text__media\"><img decoding=\"async\" loading=\"lazy\" width=\"1024\" height=\"456\" src=\"https:\/\/www.thtbiopro.com\/wp-content\/uploads\/2023\/08\/3D-SC-10-01-04-B-CMYK-300dpi-1024x456-1.jpg\" alt=\"\" class=\"wp-image-90 size-full\" srcset=\"https:\/\/www.thtbiopro.com\/wp-content\/uploads\/2023\/08\/3D-SC-10-01-04-B-CMYK-300dpi-1024x456-1.jpg 1024w, https:\/\/www.thtbiopro.com\/wp-content\/uploads\/2023\/08\/3D-SC-10-01-04-B-CMYK-300dpi-1024x456-1-300x134.jpg 300w, https:\/\/www.thtbiopro.com\/wp-content\/uploads\/2023\/08\/3D-SC-10-01-04-B-CMYK-300dpi-1024x456-1-768x342.jpg 768w\" sizes=\"(max-width: 1024px) 100vw, 1024px\" \/><\/figure><div class=\"wp-block-media-text__content\">\n<div class=\"wp-block-buttons is-layout-flex wp-block-buttons-is-layout-flex\">\n<div class=\"wp-block-button\"><a class=\"wp-block-button__link wp-element-button\"><mark style=\"background-color:#ff6900\" class=\"has-inline-color has-white-color\">Contacter Nous<\/mark><\/a><\/div>\n<\/div>\n<\/div><\/div>\n\n\n\n<hr class=\"wp-block-separator has-alpha-channel-opacity\"\/>\n\n\n\n<p><\/p>\n\n\n\n<h2 class=\"wp-block-heading\">Paillette de Vitrification Haute S\u00e9curit\u00e9 CBS<\/h2>\n\n\n\n<div class=\"wp-block-media-text is-stacked-on-mobile\"><figure class=\"wp-block-media-text__media\"><img decoding=\"async\" loading=\"lazy\" width=\"255\" height=\"245\" src=\"https:\/\/www.thtbiopro.com\/wp-content\/uploads\/2023\/08\/CBS-High-Security-Vitrification-Straw.jpg\" alt=\"\" class=\"wp-image-97 size-full\"\/><\/figure><div class=\"wp-block-media-text__content\">\n<p>Vitrification d\u2019embryons tous stades.<\/p>\n\n\n\n<p>Ce produit se compose de trois parties distinctes :<\/p>\n\n\n\n<ul>\n<li>une paillette de Vitrification Haute S\u00e9curit\u00e9 transparente en r\u00e9sine ionom\u00e8re,<\/li>\n\n\n\n<li>un capillaire avec goutti\u00e8re transparente co-inject\u00e9 avec son jonc de pr\u00e9hension de couleur,<\/li>\n\n\n\n<li>un dispositif d\u2019introduction de couleur ble<\/li>\n<\/ul>\n<\/div><\/div>\n\n\n\n<div class=\"wp-block-buttons is-layout-flex wp-block-buttons-is-layout-flex\">\n<div class=\"wp-block-button\"><a class=\"wp-block-button__link wp-element-button\"><mark style=\"background-color:#ff6900\" class=\"has-inline-color has-white-color\">Contacter Nous<\/mark><\/a><\/div>\n<\/div>\n\n\n\n<p><\/p>\n\n\n\n<p><\/p>\n\n\n\n<p><\/p>\n\n\n\n<hr class=\"wp-block-separator has-alpha-channel-opacity\"\/>\n\n\n\n<h2 class=\"wp-block-heading\">Jonc<\/h2>\n\n\n\n<div class=\"wp-block-media-text is-stacked-on-mobile\"><figure class=\"wp-block-media-text__media\"><img decoding=\"async\" loading=\"lazy\" width=\"1024\" height=\"322\" src=\"https:\/\/www.thtbiopro.com\/wp-content\/uploads\/2023\/08\/015047-1-1024x322-1.jpg\" alt=\"\" class=\"wp-image-92 size-full\" srcset=\"https:\/\/www.thtbiopro.com\/wp-content\/uploads\/2023\/08\/015047-1-1024x322-1.jpg 1024w, https:\/\/www.thtbiopro.com\/wp-content\/uploads\/2023\/08\/015047-1-1024x322-1-300x94.jpg 300w, https:\/\/www.thtbiopro.com\/wp-content\/uploads\/2023\/08\/015047-1-1024x322-1-768x242.jpg 768w\" sizes=\"(max-width: 1024px) 100vw, 1024px\" \/><\/figure><div class=\"wp-block-media-text__content\">\n<div class=\"wp-block-buttons is-layout-flex wp-block-buttons-is-layout-flex\">\n<div class=\"wp-block-button\"><a class=\"wp-block-button__link wp-element-button\"><mark style=\"background-color:#ff6900\" class=\"has-inline-color has-white-color\">Contacter Nous<\/mark><\/a><\/div>\n<\/div>\n<\/div><\/div>\n\n\n\n<h2 class=\"wp-block-heading\"><\/h2>\n\n\n\n<p><\/p>\n\n\n\n<hr class=\"wp-block-separator has-alpha-channel-opacity\"\/>\n\n\n\n<h2 class=\"wp-block-heading\">Embouts<\/h2>\n\n\n\n<div class=\"wp-block-media-text is-stacked-on-mobile\" style=\"grid-template-columns:46% auto\"><figure class=\"wp-block-media-text__media\"><img decoding=\"async\" loading=\"lazy\" width=\"500\" height=\"288\" src=\"https:\/\/www.thtbiopro.com\/wp-content\/uploads\/2023\/08\/024856-1det-500x288-1.jpg\" alt=\"\" class=\"wp-image-110 size-full\" srcset=\"https:\/\/www.thtbiopro.com\/wp-content\/uploads\/2023\/08\/024856-1det-500x288-1.jpg 500w, https:\/\/www.thtbiopro.com\/wp-content\/uploads\/2023\/08\/024856-1det-500x288-1-300x173.jpg 300w\" sizes=\"(max-width: 500px) 100vw, 500px\" \/><\/figure><div class=\"wp-block-media-text__content\">\n<p>L\u2019embout de remplissage CBS est destin\u00e9 aux proc\u00e9dures de remplissage des paillettes embryon et sperme CBS Haute S\u00e9curit\u00e9. Il permet d\u2019en garantir une soudure \u00e9tanche car il isole totalement la zone de soudure de tout contact liquidien lors de la mont\u00e9e de l\u2019\u00e9chantillon biologique.<\/p>\n\n\n\n<div class=\"wp-block-buttons is-layout-flex wp-block-buttons-is-layout-flex\">\n<div class=\"wp-block-button\"><a class=\"wp-block-button__link wp-element-button\"><mark style=\"background-color:#ff6900\" class=\"has-inline-color has-white-color\">Contacter Nous<\/mark><\/a><\/div>\n<\/div>\n\n\n\n<p><\/p>\n<\/div><\/div>\n\n\n\n<hr class=\"wp-block-separator has-alpha-channel-opacity\"\/>\n\n\n\n<h2 class=\"wp-block-heading\">Buses<\/h2>\n\n\n\n<div class=\"wp-block-media-text is-stacked-on-mobile\"><figure class=\"wp-block-media-text__media\"><img decoding=\"async\" loading=\"lazy\" width=\"994\" height=\"393\" src=\"https:\/\/www.thtbiopro.com\/wp-content\/uploads\/2023\/08\/014621-007451.png\" alt=\"\" class=\"wp-image-91 size-full\" srcset=\"https:\/\/www.thtbiopro.com\/wp-content\/uploads\/2023\/08\/014621-007451.png 994w, https:\/\/www.thtbiopro.com\/wp-content\/uploads\/2023\/08\/014621-007451-300x119.png 300w, https:\/\/www.thtbiopro.com\/wp-content\/uploads\/2023\/08\/014621-007451-768x304.png 768w\" sizes=\"(max-width: 994px) 100vw, 994px\" \/><\/figure><div class=\"wp-block-media-text__content\">\n<p><\/p>\n<\/div><\/div>\n\n\n\n<figure class=\"wp-block-image size-full\"><img decoding=\"async\" loading=\"lazy\" width=\"940\" height=\"219\" src=\"https:\/\/www.thtbiopro.com\/wp-content\/uploads\/2023\/08\/Capture.png\" alt=\"\" class=\"wp-image-111\" srcset=\"https:\/\/www.thtbiopro.com\/wp-content\/uploads\/2023\/08\/Capture.png 940w, https:\/\/www.thtbiopro.com\/wp-content\/uploads\/2023\/08\/Capture-300x70.png 300w, https:\/\/www.thtbiopro.com\/wp-content\/uploads\/2023\/08\/Capture-768x179.png 768w\" sizes=\"(max-width: 940px) 100vw, 940px\" \/><\/figure>\n\n\n\n<div class=\"wp-block-buttons is-layout-flex wp-block-buttons-is-layout-flex\">\n<div class=\"wp-block-button\"><a class=\"wp-block-button__link wp-element-button\"><mark style=\"background-color:#ff6900\" class=\"has-inline-color has-white-color\">Contacter Nous<\/mark><\/a><\/div>\n<\/div>\n\n\n\n<hr class=\"wp-block-separator has-alpha-channel-opacity\"\/>\n\n\n\n<h2 class=\"wp-block-heading\">Cryotube<\/h2>\n\n\n\n<div class=\"wp-block-media-text is-stacked-on-mobile\"><figure class=\"wp-block-media-text__media\"><img decoding=\"async\" loading=\"lazy\" width=\"250\" height=\"168\" src=\"https:\/\/www.thtbiopro.com\/wp-content\/uploads\/2023\/08\/cryotube.jpg\" alt=\"\" class=\"wp-image-200 size-full\"\/><\/figure><div class=\"wp-block-media-text__content\">\n<figure class=\"wp-block-image size-full\"><img decoding=\"async\" loading=\"lazy\" width=\"250\" height=\"183\" src=\"https:\/\/www.thtbiopro.com\/wp-content\/uploads\/2023\/08\/cryotube-a-code-barre.jpg\" alt=\"\" class=\"wp-image-198\"\/><\/figure>\n<\/div><\/div>\n\n\n\n<hr class=\"wp-block-separator has-alpha-channel-opacity\"\/>\n\n\n\n<p>Les cryotubes sont couramment utilis\u00e9es dans les laboratoires de recherche, les cliniques m\u00e9dicales et les centres de stockage pour la conservation \u00e0 long terme d&rsquo;\u00e9chantillons biologiques, tels que des cellules, des tissus, des s\u00e9rums, des prot\u00e9ines, voire des \u00e9chantillons d&rsquo;ADN ou d&rsquo;ARN. Gr\u00e2ce \u00e0 leur capacit\u00e9 \u00e0 maintenir des conditions de cong\u00e9lation stables, les cryotubes jouent un r\u00f4le essentiel dans la pr\u00e9servation de la viabilit\u00e9 et de l&rsquo;int\u00e9grit\u00e9 des \u00e9chantillons biologiques pour des analyses futures.<\/p>\n\n\n\n<div class=\"wp-block-buttons is-layout-flex wp-block-buttons-is-layout-flex\">\n<div class=\"wp-block-button\"><a class=\"wp-block-button__link wp-element-button\"><mark style=\"background-color:#ff6900\" class=\"has-inline-color has-white-color\">Contacter Nous<\/mark><\/a><\/div>\n<\/div>\n\n\n\n<hr class=\"wp-block-separator has-alpha-channel-opacity\"\/>\n\n\n\n<h2 class=\"wp-block-heading\">PIPETMAN Select P10mL, 1-10mL<\/h2>\n\n\n\n<div class=\"wp-block-media-text is-stacked-on-mobile\"><figure class=\"wp-block-media-text__media\"><img decoding=\"async\" loading=\"lazy\" width=\"400\" height=\"261\" src=\"https:\/\/www.thtbiopro.com\/wp-content\/uploads\/2023\/08\/pipetman-.jpg\" alt=\"\" class=\"wp-image-259 size-full\" srcset=\"https:\/\/www.thtbiopro.com\/wp-content\/uploads\/2023\/08\/pipetman-.jpg 400w, https:\/\/www.thtbiopro.com\/wp-content\/uploads\/2023\/08\/pipetman--300x196.jpg 300w\" sizes=\"(max-width: 400px) 100vw, 400px\" \/><\/figure><div class=\"wp-block-media-text__content\">\n<p>Ergonomiques, s\u00fbres et fiables, les pipettes MyPIPETMAN\u00ae Select offrent un choix de r\u00e9glage du volume et une option de personnalisation de la poign\u00e9e pour une utilisation optimale dans de nombreux protocoles. Les pipettes \u00e0 d\u00e9placement d&rsquo;air MyPIPETMAN\u00ae Select sont enti\u00e8rement autoclava\u2026<\/p>\n\n\n\n<div class=\"wp-block-buttons is-layout-flex wp-block-buttons-is-layout-flex\">\n<div class=\"wp-block-button\"><a class=\"wp-block-button__link wp-element-button\" href=\"https:\/\/www.thtbiopro.com\/?page_id=168\"><mark style=\"background-color:#ff6900\" class=\"has-inline-color has-white-color\">Nous Contacter<\/mark><\/a><\/div>\n<\/div>\n<\/div><\/div>\n\n\n\n<hr class=\"wp-block-separator has-alpha-channel-opacity\"\/>\n\n\n\n<h2 class=\"wp-block-heading\">Autres Produits: remplissez le formulaire.<\/h2>\n\n\n\n<div class=\"wp-block-contact-form-7-contact-form-selector\">\n<div class=\"wpcf7 no-js\" id=\"wpcf7-f88-o1\" lang=\"fr-FR\" dir=\"ltr\">\n<div class=\"screen-reader-response\"><p role=\"status\" aria-live=\"polite\" aria-atomic=\"true\"><\/p> <ul><\/ul><\/div>\n<form action=\"\/index.php?rest_route=%2Fwp%2Fv2%2Fpages%2F47#wpcf7-f88-o1\" method=\"post\" class=\"wpcf7-form init\" aria-label=\"Formulaire de contact\" novalidate=\"novalidate\" data-status=\"init\">\n<div style=\"display: none;\">\n<input type=\"hidden\" name=\"_wpcf7\" value=\"88\" \/>\n<input type=\"hidden\" name=\"_wpcf7_version\" value=\"5.9.8\" \/>\n<input type=\"hidden\" name=\"_wpcf7_locale\" value=\"fr_FR\" \/>\n<input type=\"hidden\" name=\"_wpcf7_unit_tag\" value=\"wpcf7-f88-o1\" \/>\n<input type=\"hidden\" name=\"_wpcf7_container_post\" value=\"0\" \/>\n<input type=\"hidden\" name=\"_wpcf7_posted_data_hash\" value=\"\" \/>\n<\/div>\n<p><label> Votre nom<br \/>\n<span class=\"wpcf7-form-control-wrap\" data-name=\"your-name\"><input size=\"40\" maxlength=\"400\" class=\"wpcf7-form-control wpcf7-text wpcf7-validates-as-required\" autocomplete=\"name\" aria-required=\"true\" aria-invalid=\"false\" value=\"\" type=\"text\" name=\"your-name\" \/><\/span> <\/label>\n<\/p>\n<p><label> Votre e-mail<br \/>\n<span class=\"wpcf7-form-control-wrap\" data-name=\"your-email\"><input size=\"40\" maxlength=\"400\" class=\"wpcf7-form-control wpcf7-email wpcf7-validates-as-required wpcf7-text wpcf7-validates-as-email\" autocomplete=\"email\" aria-required=\"true\" aria-invalid=\"false\" value=\"\" type=\"email\" name=\"your-email\" \/><\/span> <\/label>\n<\/p>\n<p><label> Objet<br \/>\n<span class=\"wpcf7-form-control-wrap\" data-name=\"your-subject\"><input size=\"40\" maxlength=\"400\" class=\"wpcf7-form-control wpcf7-text wpcf7-validates-as-required\" aria-required=\"true\" aria-invalid=\"false\" value=\"\" type=\"text\" name=\"your-subject\" \/><\/span> <\/label>\n<\/p>\n<p><label> Votre message (facultatif)<br \/>\n<span class=\"wpcf7-form-control-wrap\" data-name=\"your-message\"><textarea cols=\"40\" rows=\"10\" maxlength=\"2000\" class=\"wpcf7-form-control wpcf7-textarea\" aria-invalid=\"false\" name=\"your-message\"><\/textarea><\/span> <\/label>\n<\/p>\n<p><input class=\"wpcf7-form-control wpcf7-submit has-spinner\" type=\"submit\" value=\"Envoyer\" \/>\n<\/p><p style=\"display: none !important;\"><label>&#916;<textarea name=\"_wpcf7_ak_hp_textarea\" cols=\"45\" rows=\"8\" maxlength=\"100\"><\/textarea><\/label><input type=\"hidden\" id=\"ak_js_1\" name=\"_wpcf7_ak_js\" value=\"184\"\/><script>document.getElementById( \"ak_js_1\" ).setAttribute( \"value\", ( new Date() ).getTime() );<\/script><\/p><div class=\"wpcf7-response-output\" aria-hidden=\"true\"><\/div>\n<\/form>\n<\/div>\n<\/div>\n","protected":false},"excerpt":{"rendered":"<p>Visotubes et gobelets Canisters Les canisters sont des racks cylindriques de stockage en azote liquide ou en vapeurs d&rsquo;azote permettant de superposer les gobelets. Le concept de stockage en gobelets et canisters s&rsquo;adapte \u00e0 tous les types de cuves d&rsquo;azote ou de cong\u00e9lateurs \u00e9lectriques. Il existe cinq hauteurs de canisters, ces derniers pouvant contenir entre [&hellip;]<\/p>\n","protected":false},"author":3,"featured_media":0,"parent":0,"menu_order":0,"comment_status":"closed","ping_status":"closed","template":"","meta":{"footnotes":""},"_links":{"self":[{"href":"https:\/\/www.thtbiopro.com\/index.php?rest_route=\/wp\/v2\/pages\/47"}],"collection":[{"href":"https:\/\/www.thtbiopro.com\/index.php?rest_route=\/wp\/v2\/pages"}],"about":[{"href":"https:\/\/www.thtbiopro.com\/index.php?rest_route=\/wp\/v2\/types\/page"}],"author":[{"embeddable":true,"href":"https:\/\/www.thtbiopro.com\/index.php?rest_route=\/wp\/v2\/users\/3"}],"replies":[{"embeddable":true,"href":"https:\/\/www.thtbiopro.com\/index.php?rest_route=%2Fwp%2Fv2%2Fcomments&post=47"}],"version-history":[{"count":18,"href":"https:\/\/www.thtbiopro.com\/index.php?rest_route=\/wp\/v2\/pages\/47\/revisions"}],"predecessor-version":[{"id":260,"href":"https:\/\/www.thtbiopro.com\/index.php?rest_route=\/wp\/v2\/pages\/47\/revisions\/260"}],"wp:attachment":[{"href":"https:\/\/www.thtbiopro.com\/index.php?rest_route=%2Fwp%2Fv2%2Fmedia&parent=47"}],"curies":[{"name":"wp","href":"https:\/\/api.w.org\/{rel}","templated":true}]}}