{"id":49,"date":"2023-08-13T17:45:35","date_gmt":"2023-08-13T17:45:35","guid":{"rendered":"https:\/\/www.thtbiopro.com\/?page_id=49"},"modified":"2023-08-22T22:53:43","modified_gmt":"2023-08-22T22:53:43","slug":"equipements","status":"publish","type":"page","link":"https:\/\/www.thtbiopro.com\/?page_id=49","title":{"rendered":"\u00c9quipements"},"content":{"rendered":"\n<h2 class=\"wp-block-heading\">SYSO<\/h2>\n\n\n\n<div class=\"wp-block-media-text is-stacked-on-mobile\"><figure class=\"wp-block-media-text__media\"><img decoding=\"async\" loading=\"lazy\" width=\"500\" height=\"288\" src=\"https:\/\/www.thtbiopro.com\/wp-content\/uploads\/2023\/08\/SYSO-500x288-1.jpg\" alt=\"\" class=\"wp-image-125 size-full\" srcset=\"https:\/\/www.thtbiopro.com\/wp-content\/uploads\/2023\/08\/SYSO-500x288-1.jpg 500w, https:\/\/www.thtbiopro.com\/wp-content\/uploads\/2023\/08\/SYSO-500x288-1-300x173.jpg 300w\" sizes=\"(max-width: 500px) 100vw, 500px\" \/><\/figure><div class=\"wp-block-media-text__content\">\n<p><strong>\u00c9quipement automatique d\u2019ouverture des Tubes CBS Haute S\u00e9curit\u00e9<\/strong><\/p>\n<\/div><\/div>\n\n\n\n<p>Le dispositif d&rsquo;ouverture SYSO est un appareil pouvant \u00eatre utilis\u00e9 sous hotte \u00e0 flux laminaire et destin\u00e9 \u00e0 ouvrir par fil chauffant, les tubes CBS Haute S\u00e9curit\u00e9.<\/p>\n\n\n\n<ul>\n<li>Carrousel pouvant recevoir jusqu&rsquo;\u00e0 6 Tubes CBS&#x2122; Haute S\u00e9curit\u00e9 (ouverture en mode individuel ou continue).<\/li>\n\n\n\n<li>\u00c9cran tactile simple et intuitif.<\/li>\n\n\n\n<li>8 langues disponibles.<\/li>\n\n\n\n<li>Entre chaque ouverture de tube, une st\u00e9rilisation syst\u00e9matique du fil s&rsquo;op\u00e8re par pyrolyse.<\/li>\n<\/ul>\n\n\n\n<div class=\"wp-block-buttons is-layout-flex wp-block-buttons-is-layout-flex\">\n<div class=\"wp-block-button\"><a class=\"wp-block-button__link wp-element-button\"><mark style=\"background-color:#ff6900\" class=\"has-inline-color has-white-color\">Nous Contacter<\/mark><\/a><\/div>\n<\/div>\n\n\n\n<hr class=\"wp-block-separator has-alpha-channel-opacity\"\/>\n\n\n\n<h2 class=\"wp-block-heading\">SYMS III<\/h2>\n\n\n\n<div class=\"wp-block-media-text is-stacked-on-mobile\"><figure class=\"wp-block-media-text__media\"><img decoding=\"async\" loading=\"lazy\" width=\"500\" height=\"288\" src=\"https:\/\/www.thtbiopro.com\/wp-content\/uploads\/2023\/08\/DSC_0785-det-500x288-1.jpg\" alt=\"\" class=\"wp-image-122 size-full\" srcset=\"https:\/\/www.thtbiopro.com\/wp-content\/uploads\/2023\/08\/DSC_0785-det-500x288-1.jpg 500w, https:\/\/www.thtbiopro.com\/wp-content\/uploads\/2023\/08\/DSC_0785-det-500x288-1-300x173.jpg 300w\" sizes=\"(max-width: 500px) 100vw, 500px\" \/><\/figure><div class=\"wp-block-media-text__content\">\n<figure class=\"wp-block-image size-full\"><img decoding=\"async\" loading=\"lazy\" width=\"500\" height=\"288\" src=\"https:\/\/www.thtbiopro.com\/wp-content\/uploads\/2023\/08\/DSC_0775-paillette-det-500x288-1.jpg\" alt=\"\" class=\"wp-image-121\" srcset=\"https:\/\/www.thtbiopro.com\/wp-content\/uploads\/2023\/08\/DSC_0775-paillette-det-500x288-1.jpg 500w, https:\/\/www.thtbiopro.com\/wp-content\/uploads\/2023\/08\/DSC_0775-paillette-det-500x288-1-300x173.jpg 300w\" sizes=\"(max-width: 500px) 100vw, 500px\" \/><\/figure>\n<\/div><\/div>\n\n\n\n<p>La soudeuse SYMS III est destin\u00e9e \u00e0 souder par proc\u00e9d\u00e9 thermique les paillettes CBS Haute S\u00e9curit\u00e9 0,3 mL, 0,5 mL ainsi que la paillette de Vitrification CBS Haute S\u00e9curit\u00e9 et le tube CBS Haute S\u00e9curit\u00e9, pour une cryoconservation des \u00e9chantillons biologiques de la plus haute qualit\u00e9.<\/p>\n\n\n\n<ul>\n<li>&nbsp;Interface multilingue (fran\u00e7ais, anglais, espagnol et chinois) + 4 langues optionnelles<\/li>\n\n\n\n<li>\u00c9cran tactile couleur compatible avec l&rsquo;utilisation de gants de laboratoire<\/li>\n\n\n\n<li>Visualisation des cycles de la machine: pr\u00e9chauffage, pr\u00eat \u00e0 souder, soudure en cours<\/li>\n\n\n\n<li>Deux modes de soudure : d\u00e9tection automatique ou contr\u00f4le par l&rsquo;op\u00e9rateur via l&rsquo;\u00e9cran tactile<\/li>\n\n\n\n<li>Gestion des erreurs par affichage de message et alarme sonore<\/li>\n\n\n\n<li>Affichage du suivi et des modalit\u00e9s de maintenance<\/li>\n\n\n\n<li>Simplicit\u00e9 de nettoyage et d&rsquo;entretien.<\/li>\n<\/ul>\n\n\n\n<div class=\"wp-block-buttons is-layout-flex wp-block-buttons-is-layout-flex\">\n<div class=\"wp-block-button\"><a class=\"wp-block-button__link wp-element-button\"><mark style=\"background-color:#ff6900\" class=\"has-inline-color has-white-color\">Nous Contacter<\/mark><\/a><\/div>\n<\/div>\n\n\n\n<hr class=\"wp-block-separator has-alpha-channel-opacity\"\/>\n\n\n\n<h2 class=\"wp-block-heading\">SYMS<\/h2>\n\n\n\n<div class=\"wp-block-media-text is-stacked-on-mobile\"><figure class=\"wp-block-media-text__media\"><img decoding=\"async\" loading=\"lazy\" width=\"500\" height=\"288\" src=\"https:\/\/www.thtbiopro.com\/wp-content\/uploads\/2023\/08\/New-SYMS1-500x288-1.jpg\" alt=\"\" class=\"wp-image-124 size-full\" srcset=\"https:\/\/www.thtbiopro.com\/wp-content\/uploads\/2023\/08\/New-SYMS1-500x288-1.jpg 500w, https:\/\/www.thtbiopro.com\/wp-content\/uploads\/2023\/08\/New-SYMS1-500x288-1-300x173.jpg 300w\" sizes=\"(max-width: 500px) 100vw, 500px\" \/><\/figure><div class=\"wp-block-media-text__content\">\n<p>Soudeuse manuelle pour paillettes CBS Haute S\u00e9curit\u00e9.<br>Cryo Bio System a d\u00e9velopp\u00e9 une soudeuse pour souder les paillettes CBS Haute S\u00e9curit\u00e9 en r\u00e9sine ionom\u00e8re.<br>La soudeuse est aliment\u00e9e sur secteur et sa commande est effectu\u00e9e par un bouton-poussoir ou une p\u00e9dale selon le choix de l\u2019utilisateur.<\/p>\n<\/div><\/div>\n\n\n\n<div class=\"wp-block-buttons is-layout-flex wp-block-buttons-is-layout-flex\">\n<div class=\"wp-block-button\"><a class=\"wp-block-button__link wp-element-button\"><mark style=\"background-color:#ff6900\" class=\"has-inline-color has-white-color\">Nous Contacter<\/mark><\/a><\/div>\n<\/div>\n\n\n\n<hr class=\"wp-block-separator has-alpha-channel-opacity\"\/>\n\n\n\n<h2 class=\"wp-block-heading\">Gamme Digitcool<\/h2>\n\n\n\n<div class=\"wp-block-media-text is-stacked-on-mobile\"><figure class=\"wp-block-media-text__media\"><img decoding=\"async\" loading=\"lazy\" width=\"985\" height=\"186\" src=\"https:\/\/www.thtbiopro.com\/wp-content\/uploads\/2023\/08\/congelateur-.jpg\" alt=\"\" class=\"wp-image-127 size-full\" srcset=\"https:\/\/www.thtbiopro.com\/wp-content\/uploads\/2023\/08\/congelateur-.jpg 985w, https:\/\/www.thtbiopro.com\/wp-content\/uploads\/2023\/08\/congelateur--300x57.jpg 300w, https:\/\/www.thtbiopro.com\/wp-content\/uploads\/2023\/08\/congelateur--768x145.jpg 768w\" sizes=\"(max-width: 985px) 100vw, 985px\" \/><\/figure><div class=\"wp-block-media-text__content\">\n<figure class=\"wp-block-image size-full\"><img decoding=\"async\" loading=\"lazy\" width=\"500\" height=\"288\" src=\"https:\/\/www.thtbiopro.com\/wp-content\/uploads\/2023\/08\/4-Digitcool-500x288-1.jpg\" alt=\"\" class=\"wp-image-126\" srcset=\"https:\/\/www.thtbiopro.com\/wp-content\/uploads\/2023\/08\/4-Digitcool-500x288-1.jpg 500w, https:\/\/www.thtbiopro.com\/wp-content\/uploads\/2023\/08\/4-Digitcool-500x288-1-300x173.jpg 300w\" sizes=\"(max-width: 500px) 100vw, 500px\" \/><\/figure>\n<\/div><\/div>\n\n\n\n<div class=\"wp-block-buttons is-layout-flex wp-block-buttons-is-layout-flex\"><\/div>\n\n\n\n<p>Les cong\u00e9lateurs Digitcool sont utilis\u00e9s pour la cong\u00e9lation programm\u00e9e de produits biologiques (plasma, cellules sanguines, tissus, gam\u00e8tes\u2026). Les cong\u00e9lateurs en acier inoxydable Digitcool sont faciles \u00e0 entretenir et d\u00e9sinfecter. De programmation facile, ils permettent \u00e0 l\u2019utilisateur de g\u00e9rer diff\u00e9rents protocoles de fa\u00e7on optimis\u00e9e. Avantages<\/p>\n\n\n\n<ul>\n<li>Temp\u00e9rature d&rsquo;utilisation : +50\u00b0C \u00e0 -150\u00b0C<\/li>\n\n\n\n<li>Vitesse de cong\u00e9lation : 0,1 \u00e0 60\u00b0C\/min<\/li>\n\n\n\n<li>R\u00e9chauffement automatique, s\u00e9chage et retour \u00e0 temp\u00e9rature ambiante en fin de cycle<\/li>\n\n\n\n<li>Programmateur\/r\u00e9gulateur, gestion chaud\/froid et d\u00e9brochable<\/li>\n\n\n\n<li>Temp\u00e9rature mesur\u00e9e par sondes PT 100 ohm (chambre et produit)<\/li>\n\n\n\n<li>Affichage digital de la temp\u00e9rature (chambre, programme)<\/li>\n\n\n\n<li>Raccordement sur un terminal PC (portable ou tour) avec pilotage \u00e0 l&rsquo;aide du progiciel<\/li>\n\n\n\n<li>Cryobiosoft<\/li>\n\n\n\n<li>R\u00e9gulation bas\u00e9e sur la temp\u00e9rature \u00ab\u00a0chambre\u00a0\u00bb<\/li>\n\n\n\n<li>Azote liquide distribu\u00e9 par un r\u00e9servoir auto pressuris\u00e9 d&rsquo;une capacit\u00e9 de 60 ou 120 litres (avec pression minimum de 1 bars)<\/li>\n<\/ul>\n\n\n\n<p>Accessoires<\/p>\n\n\n\n<ul>\n<li>Rampes de cong\u00e9lation pour paillettes 0,25 ou 0,5 mL<\/li>\n\n\n\n<li>Portoir tubes<\/li>\n\n\n\n<li>Portoir poches<\/li>\n\n\n\n<li>R\u00e9servoir auto pressuris\u00e9 d&rsquo;une capacit\u00e9 de 60 ou 120 litres<\/li>\n<\/ul>\n\n\n\n<div class=\"wp-block-buttons is-layout-flex wp-block-buttons-is-layout-flex\">\n<div class=\"wp-block-button\"><a class=\"wp-block-button__link wp-element-button\"><mark style=\"background-color:#ff6900\" class=\"has-inline-color has-white-color\">Nous Contacter<\/mark><\/a><\/div>\n<\/div>\n\n\n\n<hr class=\"wp-block-separator has-alpha-channel-opacity\"\/>\n\n\n\n<h2 class=\"wp-block-heading\">Nano-Digitcool<\/h2>\n\n\n\n<div class=\"wp-block-media-text is-stacked-on-mobile\"><figure class=\"wp-block-media-text__media\"><img decoding=\"async\" loading=\"lazy\" width=\"500\" height=\"288\" src=\"https:\/\/www.thtbiopro.com\/wp-content\/uploads\/2023\/08\/Image1bleu-500x288-1.png\" alt=\"\" class=\"wp-image-86 size-full\" srcset=\"https:\/\/www.thtbiopro.com\/wp-content\/uploads\/2023\/08\/Image1bleu-500x288-1.png 500w, https:\/\/www.thtbiopro.com\/wp-content\/uploads\/2023\/08\/Image1bleu-500x288-1-300x173.png 300w\" sizes=\"(max-width: 500px) 100vw, 500px\" \/><\/figure><div class=\"wp-block-media-text__content\">\n<p><strong>La solution compacte de cong\u00e9lateur programmable pour une utilisation  quotidienne pour toutes les applications de cryoconservation.<\/strong><\/p>\n<\/div><\/div>\n\n\n\n<div class=\"wp-block-media-text is-stacked-on-mobile\"><figure class=\"wp-block-media-text__media\"><img decoding=\"async\" loading=\"lazy\" width=\"500\" height=\"288\" src=\"https:\/\/www.thtbiopro.com\/wp-content\/uploads\/2023\/08\/CRYO-524-500x288-1.jpg\" alt=\"\" class=\"wp-image-129 size-full\" srcset=\"https:\/\/www.thtbiopro.com\/wp-content\/uploads\/2023\/08\/CRYO-524-500x288-1.jpg 500w, https:\/\/www.thtbiopro.com\/wp-content\/uploads\/2023\/08\/CRYO-524-500x288-1-300x173.jpg 300w\" sizes=\"(max-width: 500px) 100vw, 500px\" \/><\/figure><div class=\"wp-block-media-text__content\">\n<figure class=\"wp-block-image size-full\"><img decoding=\"async\" loading=\"lazy\" width=\"500\" height=\"288\" src=\"https:\/\/www.thtbiopro.com\/wp-content\/uploads\/2023\/08\/CRYO-523-500x288-1.jpg\" alt=\"\" class=\"wp-image-128\" srcset=\"https:\/\/www.thtbiopro.com\/wp-content\/uploads\/2023\/08\/CRYO-523-500x288-1.jpg 500w, https:\/\/www.thtbiopro.com\/wp-content\/uploads\/2023\/08\/CRYO-523-500x288-1-300x173.jpg 300w\" sizes=\"(max-width: 500px) 100vw, 500px\" \/><\/figure>\n<\/div><\/div>\n\n\n\n<p>Les cong\u00e9lateurs Digitcool sont utilis\u00e9s pour la cong\u00e9lation programm\u00e9e de produits biologiques (plasma, cellules sanguines, tissus, gam\u00e8tes\u2026). Les cong\u00e9lateurs en acier inoxydable Digitcool sont faciles \u00e0 entretenir et d\u00e9sinfecter. De programmation facile, ils permettent \u00e0 l\u2019utilisateur de g\u00e9rer diff\u00e9rents protocoles de fa\u00e7on optimis\u00e9e.<\/p>\n\n\n\n<ul>\n<li>Flux d&rsquo;azote en vertical avec vaporisation par turbine<\/li>\n\n\n\n<li>&nbsp;Fonctionnement possible en mode autonome (mode urgence sans informatique)<\/li>\n\n\n\n<li>Tra\u00e7abilit\u00e9 : logiciel CryoBioSoft (align\u00e9 CFR21)<\/li>\n\n\n\n<li>Cong\u00e9lations de poches, paillettes, tubes\u2026<\/li>\n\n\n\n<li>Visualisation des \u00e9tapes de cong\u00e9lation, du r\u00e9sultat et des archives<\/li>\n<\/ul>\n\n\n\n<div class=\"wp-block-buttons is-layout-flex wp-block-buttons-is-layout-flex\">\n<div class=\"wp-block-button\"><a class=\"wp-block-button__link wp-element-button\"><mark style=\"background-color:#ff6900\" class=\"has-inline-color has-white-color\">Nous Contacter<\/mark><\/a><\/div>\n<\/div>\n\n\n\n<hr class=\"wp-block-separator has-alpha-channel-opacity\"\/>\n\n\n\n<h2 class=\"wp-block-heading\">PACE<\/h2>\n\n\n\n<div class=\"wp-block-media-text is-stacked-on-mobile\"><figure class=\"wp-block-media-text__media\"><img decoding=\"async\" loading=\"lazy\" width=\"500\" height=\"288\" src=\"https:\/\/www.thtbiopro.com\/wp-content\/uploads\/2023\/08\/PACE-2-500x288-1.jpg\" alt=\"\" class=\"wp-image-131 size-full\" srcset=\"https:\/\/www.thtbiopro.com\/wp-content\/uploads\/2023\/08\/PACE-2-500x288-1.jpg 500w, https:\/\/www.thtbiopro.com\/wp-content\/uploads\/2023\/08\/PACE-2-500x288-1-300x173.jpg 300w\" sizes=\"(max-width: 500px) 100vw, 500px\" \/><\/figure><div class=\"wp-block-media-text__content\">\n<figure class=\"wp-block-image size-full\"><img decoding=\"async\" loading=\"lazy\" width=\"500\" height=\"288\" src=\"https:\/\/www.thtbiopro.com\/wp-content\/uploads\/2023\/08\/PACE-1-500x288-1.jpg\" alt=\"\" class=\"wp-image-130\" srcset=\"https:\/\/www.thtbiopro.com\/wp-content\/uploads\/2023\/08\/PACE-1-500x288-1.jpg 500w, https:\/\/www.thtbiopro.com\/wp-content\/uploads\/2023\/08\/PACE-1-500x288-1-300x173.jpg 300w\" sizes=\"(max-width: 500px) 100vw, 500px\" \/><\/figure>\n<\/div><\/div>\n\n\n\n<p>Syst\u00e8me semi-automatique de conditionnement d\u2019\u00e9chantillons biologiques en paillettes CBS Haute S\u00e9curit\u00e9.<\/p>\n\n\n\n<p>A partir d&rsquo;un tube primaire d&rsquo;\u00e9chantillon, PACE remplit les paillettes CBS Haute S\u00e9curit\u00e9 et soude automatiquement les deux extr\u00e9mit\u00e9s des paillettes CBS Haute S\u00e9curit\u00e9 0,3 ou 0,5 mL, lesquelles peuvent \u00eatre pr\u00e9-identifi\u00e9es. PACE est l&rsquo;automate CBS id\u00e9al pour la gestion de projets de moyenne ou de grande envergure avec protocoles d&rsquo;archivage pr\u00e9\u00e9tablis. PACE est compatible avec tous les types de paillettes CBS Haute S\u00e9curit\u00e9, pr\u00e9-imprim\u00e9es ou non avec codes barre ou alphanum\u00e9rique. Le syst\u00e8me comprend une unit\u00e9 de remplissage et de soudure et un bo\u00eetier de commande. Le d\u00e9bit de paillettes est protocole-d\u00e9pendant (par exemple le nombre de paillettes remplies par tube primaire et le nombre d&rsquo;\u00e9chantillons biologiques). Temps de d\u00e9marrage, de maintenance et d&rsquo;arr\u00eat : 15 minutes par jour. Les pi\u00e8ces potentiellement contamin\u00e9es peuvent \u00eatre nettoy\u00e9es avec une solution alcoolique ou un d\u00e9contaminant de surface non-corrosif. PACE peut \u00eatre plac\u00e9 sur la paillasse du laboratoire ou sous une hotte \u00e0 flux laminaire avec paillettes et buses st\u00e9riles et ne n\u00e9cessite qu&rsquo;une connexion \u00e9lectrique.<\/p>\n\n\n\n<div class=\"wp-block-buttons is-layout-flex wp-block-buttons-is-layout-flex\">\n<div class=\"wp-block-button\"><a class=\"wp-block-button__link wp-element-button\"><mark style=\"background-color:#ff6900\" class=\"has-inline-color has-white-color\">Nous Contacter<\/mark><\/a><\/div>\n<\/div>\n\n\n\n<hr class=\"wp-block-separator has-alpha-channel-opacity\"\/>\n\n\n\n<h2 class=\"wp-block-heading\">MAPI<\/h2>\n\n\n\n<div class=\"wp-block-media-text is-stacked-on-mobile\"><figure class=\"wp-block-media-text__media\"><img decoding=\"async\" loading=\"lazy\" width=\"500\" height=\"288\" src=\"https:\/\/www.thtbiopro.com\/wp-content\/uploads\/2023\/08\/MAPI-1-500x288-1.jpg\" alt=\"\" class=\"wp-image-132 size-full\" srcset=\"https:\/\/www.thtbiopro.com\/wp-content\/uploads\/2023\/08\/MAPI-1-500x288-1.jpg 500w, https:\/\/www.thtbiopro.com\/wp-content\/uploads\/2023\/08\/MAPI-1-500x288-1-300x173.jpg 300w\" sizes=\"(max-width: 500px) 100vw, 500px\" \/><\/figure><div class=\"wp-block-media-text__content\">\n<figure class=\"wp-block-image size-full\"><img decoding=\"async\" loading=\"lazy\" width=\"500\" height=\"288\" src=\"https:\/\/www.thtbiopro.com\/wp-content\/uploads\/2023\/08\/MAPI-3-500x288-1.jpg\" alt=\"\" class=\"wp-image-133\" srcset=\"https:\/\/www.thtbiopro.com\/wp-content\/uploads\/2023\/08\/MAPI-3-500x288-1.jpg 500w, https:\/\/www.thtbiopro.com\/wp-content\/uploads\/2023\/08\/MAPI-3-500x288-1-300x173.jpg 300w\" sizes=\"(max-width: 500px) 100vw, 500px\" \/><\/figure>\n<\/div><\/div>\n\n\n\n<p>Syst\u00e8me automatique de conditionnement et d\u2019identification d\u2019\u00e9chantillons biologiques en paillettes CBS Haute S\u00e9curit\u00e9.<\/p>\n\n\n\n<p>A partir d&rsquo;un tube primaire, MAPI r\u00e9alise les op\u00e9rations de remplissage, de soudure, d&rsquo;impression et de validation d&rsquo;identification de paillettes CBS 0,3 ou 0,5 mL (code barre et\/ou donn\u00e9es alphanum\u00e9riques). MAPI int\u00e8gre un robot de mise en paillettes, un bo\u00eetier de commande, une imprimante jet d&rsquo;encre sp\u00e9ciale azote liquide, ainsi qu&rsquo;un PC \u00e9quip\u00e9 du logiciel de pilotage CBS. L&rsquo;automate est install\u00e9 sur un plan de travail sp\u00e9cialement con\u00e7u pour une parfaite ergonomie. Le d\u00e9bit de paillettes est protocole-d\u00e9pendant (nombre de tubes primaires et nombre de paillettes par tube primaire). Temps de d\u00e9marrage, de maintenance et d&rsquo;arr\u00eat : 15 minutes par jour. Les pi\u00e8ces potentiellement contamin\u00e9es peuvent \u00eatre nettoy\u00e9es avec une solution alcoolique ou un d\u00e9contaminant de surface non-corrosif. L&rsquo;imprimante jet d&rsquo;encre n\u00e9cessite une \u00e9vacuation active des vapeurs de solvant. Logiciel de pilotage MAPI Le logiciel de pilotage MAPI est install\u00e9 sur l&rsquo;ordinateur fourni avec MAPI afin d&rsquo;en commander le cycle : distribution, remplissage, soudure, impression et relecture des paillettes. Le code imprim\u00e9 sur la paillette peut \u00eatre le code barre du tube primaire, saisi manuellement par l&rsquo;utilisateur ou un texte fixe.<\/p>\n\n\n\n<div class=\"wp-block-buttons is-layout-flex wp-block-buttons-is-layout-flex\">\n<div class=\"wp-block-button\"><a class=\"wp-block-button__link wp-element-button\"><mark style=\"background-color:#ff6900\" class=\"has-inline-color has-white-color\">Nous Contacter<\/mark><\/a><\/div>\n<\/div>\n\n\n\n<hr class=\"wp-block-separator has-alpha-channel-opacity\"\/>\n\n\n\n<h2 class=\"wp-block-heading\">DIVA<\/h2>\n\n\n\n<div class=\"wp-block-media-text is-stacked-on-mobile\"><figure class=\"wp-block-media-text__media\"><img decoding=\"async\" loading=\"lazy\" width=\"500\" height=\"288\" src=\"https:\/\/www.thtbiopro.com\/wp-content\/uploads\/2023\/08\/diva-clermont-500x288-1.jpg\" alt=\"\" class=\"wp-image-135 size-full\" srcset=\"https:\/\/www.thtbiopro.com\/wp-content\/uploads\/2023\/08\/diva-clermont-500x288-1.jpg 500w, https:\/\/www.thtbiopro.com\/wp-content\/uploads\/2023\/08\/diva-clermont-500x288-1-300x173.jpg 300w\" sizes=\"(max-width: 500px) 100vw, 500px\" \/><\/figure><div class=\"wp-block-media-text__content\">\n<figure class=\"wp-block-image size-full\"><img decoding=\"async\" loading=\"lazy\" width=\"500\" height=\"288\" src=\"https:\/\/www.thtbiopro.com\/wp-content\/uploads\/2023\/08\/diva-avec-imprimante-500x288-1.jpg\" alt=\"\" class=\"wp-image-134\" srcset=\"https:\/\/www.thtbiopro.com\/wp-content\/uploads\/2023\/08\/diva-avec-imprimante-500x288-1.jpg 500w, https:\/\/www.thtbiopro.com\/wp-content\/uploads\/2023\/08\/diva-avec-imprimante-500x288-1-300x173.jpg 300w\" sizes=\"(max-width: 500px) 100vw, 500px\" \/><\/figure>\n<\/div><\/div>\n\n\n\n<p>Un syst\u00e8me de tri par couleurs permet de r\u00e9cup\u00e9rer les paillettes pour conditionner la production dans des gobelets Marguerite. Le syst\u00e8me DIVA g\u00e8re de fa\u00e7on pro active ces besoins en consommables durant les cycles de production ; un cycle de production au format 2 paillettes pour un tube primaire permet une autonomie de 1h08 minutes sans l&rsquo;intervention d&rsquo;un op\u00e9rateur. Le r\u00e9-approvisionnement en consommables n&rsquo;impacte pas le cycle de production et permet un fonctionnement continu de l&rsquo;automate, l&rsquo;op\u00e9rateur \u00e9tant inform\u00e9 visuellement des besoins. Le syst\u00e8me DIVA est un automate complet de conditionnement en paillette :<\/p>\n\n\n\n<ul>\n<li>un ordinateur embarqu\u00e9, \u00e9quip\u00e9 d&rsquo;un logiciel de pilotage g\u00e8re l&rsquo;ensemble des fonctions et s\u00e9curit\u00e9s.<\/li>\n\n\n\n<li>un \u00e9cran tactile, utilis\u00e9 pour l&rsquo;interfa\u00e7age utilisateur, permet la d\u00e9finition des protocoles de productions et la gestion des informations.<\/li>\n<\/ul>\n\n\n\n<p>Une imprimante peut \u00eatre associ\u00e9e \u00e0 l&rsquo;ensemble pour l&rsquo;\u00e9dition des protocoles et des rapports de productions. Equip\u00e9 de ports de communication, le syst\u00e8me DIVA peut communiquer en r\u00e9seau ou \u00eatre associ\u00e9 \u00e0 un syst\u00e8me de gestion de laboratoire. La flexibilit\u00e9 du logiciel de pilotage DIVA permet de traiter plusieurs protocoles d&rsquo;aliquotage avec toutes les s\u00e9curit\u00e9s en conformit\u00e9 des r\u00e8gles de bonnes pratiques des laboratoires : les informations telles que l&rsquo;identification du r\u00e9dacteur de protocoles ou de l&rsquo;utilisateur d&rsquo;un protocole sont syst\u00e9matiquement associ\u00e9es au rapport de production. L&rsquo;identification positive des paillettes produites peut \u00eatre de diff\u00e9rents formats (code barre GS1 128 et\/ou code alphanum\u00e9rique), ce code pouvant \u00eatre l&rsquo;identifiant unique du tube primaire \u00e0 minima. Le syst\u00e8me DIVA \u00e9tant \u00e9quip\u00e9 de lecteur automatique code barre pour le chargement des tubes primaires ainsi que pour le contr\u00f4le des paillettes produites, ces fonctionnalit\u00e9s garantissent une tra\u00e7abilit\u00e9 absolue tube primaire\/aliquot. La cadence de production est uniquement li\u00e9e au protocole, nombre d&rsquo;aliquote par tube primaire. Note : DIVA peut \u00eatre combin\u00e9 au logiciel de stockage et de d\u00e9stockage des \u00e9chantillons Straw IT. Dur\u00e9e de d\u00e9marrage, de maintenance et d&rsquo;arr\u00eat : 15 minutes par jour. Toutes les pi\u00e8ces potentiellement contamin\u00e9es peuvent \u00eatre nettoy\u00e9es avec de l&rsquo;alcool ou un liquide d\u00e9contaminant non-corrosif.<\/p>\n\n\n\n<div class=\"wp-block-buttons is-layout-flex wp-block-buttons-is-layout-flex\">\n<div class=\"wp-block-button\"><a class=\"wp-block-button__link wp-element-button\"><mark style=\"background-color:#ff6900\" class=\"has-inline-color has-white-color\">Nous Contacter<\/mark><\/a><\/div>\n<\/div>\n\n\n\n<hr class=\"wp-block-separator has-alpha-channel-opacity\"\/>\n\n\n\n<h2 class=\"wp-block-heading\">AGITATEUR BLINDE<\/h2>\n\n\n\n<div class=\"wp-block-media-text is-stacked-on-mobile\"><figure class=\"wp-block-media-text__media\"><img decoding=\"async\" loading=\"lazy\" width=\"1024\" height=\"1024\" src=\"https:\/\/www.thtbiopro.com\/wp-content\/uploads\/2023\/08\/agitateur-blinde-1024x1024.jpg\" alt=\"\" class=\"wp-image-197 size-full\" srcset=\"https:\/\/www.thtbiopro.com\/wp-content\/uploads\/2023\/08\/agitateur-blinde-1024x1024.jpg 1024w, https:\/\/www.thtbiopro.com\/wp-content\/uploads\/2023\/08\/agitateur-blinde-300x300.jpg 300w, https:\/\/www.thtbiopro.com\/wp-content\/uploads\/2023\/08\/agitateur-blinde-150x150.jpg 150w, https:\/\/www.thtbiopro.com\/wp-content\/uploads\/2023\/08\/agitateur-blinde-768x768.jpg 768w, https:\/\/www.thtbiopro.com\/wp-content\/uploads\/2023\/08\/agitateur-blinde.jpg 1240w\" sizes=\"(max-width: 1024px) 100vw, 1024px\" \/><\/figure><div class=\"wp-block-media-text__content\">\n<p>un agitateur blind\u00e9 est un appareil robuste et s\u00e9curis\u00e9, con\u00e7u pour m\u00e9langer des substances dans des environnements exigeants. Sa conception renforc\u00e9e, ses mat\u00e9riaux durables et ses caract\u00e9ristiques de protection en font un choix id\u00e9al pour les t\u00e2ches exigeantes o\u00f9 la s\u00e9curit\u00e9 de l&rsquo;utilisateur et la fiabilit\u00e9 de l&rsquo;\u00e9quipement sont primordiales.<\/p>\n\n\n\n<div class=\"wp-block-buttons is-layout-flex wp-block-buttons-is-layout-flex\">\n<div class=\"wp-block-button\"><a class=\"wp-block-button__link wp-element-button\"><mark style=\"background-color:#ff6900\" class=\"has-inline-color has-white-color\">Contacter Nous<\/mark><\/a><\/div>\n<\/div>\n<\/div><\/div>\n\n\n\n<hr class=\"wp-block-separator has-alpha-channel-opacity\"\/>\n","protected":false},"excerpt":{"rendered":"<p>SYSO \u00c9quipement automatique d\u2019ouverture des Tubes CBS Haute S\u00e9curit\u00e9 Le dispositif d&rsquo;ouverture SYSO est un appareil pouvant \u00eatre utilis\u00e9 sous hotte \u00e0 flux laminaire et destin\u00e9 \u00e0 ouvrir par fil chauffant, les tubes CBS Haute S\u00e9curit\u00e9. SYMS III La soudeuse SYMS III est destin\u00e9e \u00e0 souder par proc\u00e9d\u00e9 thermique les paillettes CBS Haute S\u00e9curit\u00e9 0,3 [&hellip;]<\/p>\n","protected":false},"author":3,"featured_media":0,"parent":0,"menu_order":0,"comment_status":"closed","ping_status":"closed","template":"","meta":{"footnotes":""},"_links":{"self":[{"href":"https:\/\/www.thtbiopro.com\/index.php?rest_route=\/wp\/v2\/pages\/49"}],"collection":[{"href":"https:\/\/www.thtbiopro.com\/index.php?rest_route=\/wp\/v2\/pages"}],"about":[{"href":"https:\/\/www.thtbiopro.com\/index.php?rest_route=\/wp\/v2\/types\/page"}],"author":[{"embeddable":true,"href":"https:\/\/www.thtbiopro.com\/index.php?rest_route=\/wp\/v2\/users\/3"}],"replies":[{"embeddable":true,"href":"https:\/\/www.thtbiopro.com\/index.php?rest_route=%2Fwp%2Fv2%2Fcomments&post=49"}],"version-history":[{"count":5,"href":"https:\/\/www.thtbiopro.com\/index.php?rest_route=\/wp\/v2\/pages\/49\/revisions"}],"predecessor-version":[{"id":235,"href":"https:\/\/www.thtbiopro.com\/index.php?rest_route=\/wp\/v2\/pages\/49\/revisions\/235"}],"wp:attachment":[{"href":"https:\/\/www.thtbiopro.com\/index.php?rest_route=%2Fwp%2Fv2%2Fmedia&parent=49"}],"curies":[{"name":"wp","href":"https:\/\/api.w.org\/{rel}","templated":true}]}}