{"id":53,"date":"2023-08-13T17:47:32","date_gmt":"2023-08-13T17:47:32","guid":{"rendered":"https:\/\/www.thtbiopro.com\/?page_id=53"},"modified":"2023-08-23T10:25:01","modified_gmt":"2023-08-23T10:25:01","slug":"reactifs","status":"publish","type":"page","link":"https:\/\/www.thtbiopro.com\/?page_id=53","title":{"rendered":"R\u00e9actifs"},"content":{"rendered":"\n<h2 class=\"wp-block-heading\">\u00ab\u00a0<mark style=\"background-color:rgba(0, 0, 0, 0)\" class=\"has-inline-color has-luminous-vivid-orange-color\">les antibiotiques<\/mark>: Compos\u00e9s et substances qui emp\u00eachent ou ralentissent la croissance des bact\u00e9ries ; utilis\u00e9s comme moyen de pr\u00e9venir la contamination bact\u00e9rienne dans les cultures cellulaires ; diverses formulations et volumes disponibles.\u00a0\u00bb<\/h2>\n\n\n\n<h2 class=\"wp-block-heading\">Gibco&#x2122;\u00a0Antibiotique s\u00e9lectif Geneticin&#x2122; (G418 sulfate) (50\u00a0mg\/ml)<\/h2>\n\n\n\n<div class=\"wp-block-media-text is-stacked-on-mobile\"><figure class=\"wp-block-media-text__media\"><img decoding=\"async\" loading=\"lazy\" width=\"650\" height=\"603\" src=\"https:\/\/www.thtbiopro.com\/wp-content\/uploads\/2023\/08\/F260090p.eps-650.webp\" alt=\"\" class=\"wp-image-245 size-full\" srcset=\"https:\/\/www.thtbiopro.com\/wp-content\/uploads\/2023\/08\/F260090p.eps-650.webp 650w, https:\/\/www.thtbiopro.com\/wp-content\/uploads\/2023\/08\/F260090p.eps-650-300x278.webp 300w\" sizes=\"(max-width: 650px) 100vw, 650px\" \/><\/figure><div class=\"wp-block-media-text__content\">\n<p>Produit par la bact\u00e9rie <em>Micromonospora rhodorangea<\/em> et agit par liaison du ribosome, inhibant ainsi la synth\u00e8se prot\u00e9ique dans les cellules procaryotes et eucaryotes<\/p>\n\n\n\n<div class=\"wp-block-buttons is-layout-flex wp-block-buttons-is-layout-flex\">\n<div class=\"wp-block-button\"><a class=\"wp-block-button__link wp-element-button\" href=\"https:\/\/www.thtbiopro.com\/?page_id=168\"><mark style=\"background-color:#ff6900\" class=\"has-inline-color has-white-color\">Nous Contacter<\/mark><\/a><\/div>\n<\/div>\n<\/div><\/div>\n\n\n\n<hr class=\"wp-block-separator has-alpha-channel-opacity\"\/>\n\n\n\n<h2 class=\"wp-block-heading\">Gibco&#x2122;\u00a0P\u00e9nicilline-streptomycine (10\u00a0000\u00a0U\/ml)<\/h2>\n\n\n\n<div class=\"wp-block-media-text is-stacked-on-mobile\"><figure class=\"wp-block-media-text__media\"><img decoding=\"async\" loading=\"lazy\" width=\"650\" height=\"603\" src=\"https:\/\/www.thtbiopro.com\/wp-content\/uploads\/2023\/08\/penicilline.webp\" alt=\"\" class=\"wp-image-246 size-full\" srcset=\"https:\/\/www.thtbiopro.com\/wp-content\/uploads\/2023\/08\/penicilline.webp 650w, https:\/\/www.thtbiopro.com\/wp-content\/uploads\/2023\/08\/penicilline-300x278.webp 300w\" sizes=\"(max-width: 650px) 100vw, 650px\" \/><\/figure><div class=\"wp-block-media-text__content\">\n<p>En pr\u00e9vention de la contamination bact\u00e9rienne des cultures cellulaires en raison de l\u2019efficacit\u00e9 de leur action combin\u00e9e contre les bact\u00e9ries \u00e0 Gram positif et \u00e0 Gram n\u00e9gatif<\/p>\n\n\n\n<div class=\"wp-block-buttons is-layout-flex wp-block-buttons-is-layout-flex\">\n<div class=\"wp-block-button\"><a class=\"wp-block-button__link wp-element-button\" href=\"https:\/\/www.thtbiopro.com\/?page_id=168\"><mark style=\"background-color:#ff6900\" class=\"has-inline-color has-white-color\">Nous Contacter<\/mark><\/a><\/div>\n<\/div>\n<\/div><\/div>\n\n\n\n<hr class=\"wp-block-separator has-alpha-channel-opacity\"\/>\n\n\n\n<h2 class=\"wp-block-heading\">Invitrogen&#x2122;\u00a0Actinomycin D<\/h2>\n\n\n\n<div class=\"wp-block-media-text is-stacked-on-mobile\"><figure class=\"wp-block-media-text__media\"><img decoding=\"async\" loading=\"lazy\" width=\"650\" height=\"600\" src=\"https:\/\/www.thtbiopro.com\/wp-content\/uploads\/2023\/08\/bender_bag_with_5_ml_glass_amber_bottle.jpg-650.webp\" alt=\"\" class=\"wp-image-248 size-full\" srcset=\"https:\/\/www.thtbiopro.com\/wp-content\/uploads\/2023\/08\/bender_bag_with_5_ml_glass_amber_bottle.jpg-650.webp 650w, https:\/\/www.thtbiopro.com\/wp-content\/uploads\/2023\/08\/bender_bag_with_5_ml_glass_amber_bottle.jpg-650-300x277.webp 300w\" sizes=\"(max-width: 650px) 100vw, 650px\" \/><\/figure><div class=\"wp-block-media-text__content\">\n<p>L\u2019actinomycine&nbsp;D pr\u00e9sente une s\u00e9lectivit\u00e9 GC \u00e9lev\u00e9e et provoque une distorsion \u00e0 son site de liaison. La liaison de l\u2019actinomycine&nbsp;D non fluorescente aux acides nucl\u00e9iques modifie l\u2019absorbance du colorant. L\u2019actinomycine&nbsp;D a \u00e9t\u00e9 utilis\u00e9e pour les \u00e9tudes de bandes chromosomiques.<\/p>\n\n\n\n<p>Analyse cellulaire, prolif\u00e9ration cellulaire, viabilit\u00e9 cellulaire, prolif\u00e9ration et fonction<\/p>\n\n\n\n<div class=\"wp-block-buttons is-layout-flex wp-block-buttons-is-layout-flex\">\n<div class=\"wp-block-button\"><a class=\"wp-block-button__link wp-element-button\" href=\"https:\/\/www.thtbiopro.com\/?page_id=168\"><mark style=\"background-color:#ff6900\" class=\"has-inline-color has-white-color\">Nous Contacter<\/mark><\/a><\/div>\n<\/div>\n<\/div><\/div>\n\n\n\n<hr class=\"wp-block-separator has-alpha-channel-opacity\"\/>\n\n\n\n<h2 class=\"wp-block-heading\">Lonza&#x2122;\u00a0Kit de d\u00e9tection de mycoplasmes MycoAlert&#x2122; PLUS (100\u00a0tests)<\/h2>\n\n\n\n<div class=\"wp-block-media-text is-stacked-on-mobile\"><figure class=\"wp-block-media-text__media\"><img decoding=\"async\" loading=\"lazy\" width=\"650\" height=\"488\" src=\"https:\/\/www.thtbiopro.com\/wp-content\/uploads\/2023\/08\/IBSNo13469219.jpg-650.webp\" alt=\"\" class=\"wp-image-249 size-full\" srcset=\"https:\/\/www.thtbiopro.com\/wp-content\/uploads\/2023\/08\/IBSNo13469219.jpg-650.webp 650w, https:\/\/www.thtbiopro.com\/wp-content\/uploads\/2023\/08\/IBSNo13469219.jpg-650-300x225.webp 300w\" sizes=\"(max-width: 650px) 100vw, 650px\" \/><\/figure><div class=\"wp-block-media-text__content\">\n<p>D\u00e9tectez la contamination par mycoplasmes dans les surnageants, les milieux et les suppl\u00e9ments de culture cellulaire gr\u00e2ce au kit MycoAlertTM de nouvelle g\u00e9n\u00e9ration qui permet l\u2019utilisation de luminom\u00e8tres \u00e0 plaques moins sensibles ou de lecteurs multifonctions.<\/p>\n\n\n\n<div class=\"wp-block-buttons is-layout-flex wp-block-buttons-is-layout-flex\">\n<div class=\"wp-block-button\"><a class=\"wp-block-button__link wp-element-button\" href=\"https:\/\/www.thtbiopro.com\/?page_id=168\"><mark style=\"background-color:#ff6900\" class=\"has-inline-color has-white-color\">Nous Contacter<\/mark><\/a><\/div>\n<\/div>\n<\/div><\/div>\n\n\n\n<hr class=\"wp-block-separator has-alpha-channel-opacity\"\/>\n\n\n\n<h2 class=\"wp-block-heading\">MP Biomedicals&#x2122;\u00a0Agent d\u2019\u00e9limination mycoplasmique (ARM)<\/h2>\n\n\n\n<div class=\"wp-block-media-text is-stacked-on-mobile\"><figure class=\"wp-block-media-text__media\"><img decoding=\"async\" loading=\"lazy\" width=\"650\" height=\"460\" src=\"https:\/\/www.thtbiopro.com\/wp-content\/uploads\/2023\/08\/F31858p.eps-650.webp\" alt=\"\" class=\"wp-image-250 size-full\" srcset=\"https:\/\/www.thtbiopro.com\/wp-content\/uploads\/2023\/08\/F31858p.eps-650.webp 650w, https:\/\/www.thtbiopro.com\/wp-content\/uploads\/2023\/08\/F31858p.eps-650-300x212.webp 300w\" sizes=\"(max-width: 650px) 100vw, 650px\" \/><\/figure><div class=\"wp-block-media-text__content\">\n<p>L\u2019agent d\u2019\u00e9limination de mycoplasmes (MRA) est un d\u00e9riv\u00e9 de la famille des antibiotiques de la quinol\u00e9ine et \u00e9limine la contamination des mycoplasmes dans les cultures cellulaires en inhibant la gyrase d\u2019ADN de mycoplasmes.<\/p>\n\n\n\n<div class=\"wp-block-buttons is-layout-flex wp-block-buttons-is-layout-flex\">\n<div class=\"wp-block-button\"><a class=\"wp-block-button__link wp-element-button\" href=\"https:\/\/www.thtbiopro.com\/?page_id=168\"><mark style=\"background-color:#ff6900\" class=\"has-inline-color has-white-color\">Nous Contacter<\/mark><\/a><\/div>\n<\/div>\n<\/div><\/div>\n\n\n\n<hr class=\"wp-block-separator has-alpha-channel-opacity\"\/>\n\n\n\n<h2 class=\"wp-block-heading\">Lonza&#x2122;\u00a0Endotoxine<\/h2>\n\n\n\n<div class=\"wp-block-media-text is-stacked-on-mobile\"><figure class=\"wp-block-media-text__media\"><img decoding=\"async\" loading=\"lazy\" width=\"650\" height=\"488\" src=\"https:\/\/www.thtbiopro.com\/wp-content\/uploads\/2023\/08\/193783.jpg-650.webp\" alt=\"\" class=\"wp-image-251 size-full\" srcset=\"https:\/\/www.thtbiopro.com\/wp-content\/uploads\/2023\/08\/193783.jpg-650.webp 650w, https:\/\/www.thtbiopro.com\/wp-content\/uploads\/2023\/08\/193783.jpg-650-300x225.webp 300w\" sizes=\"(max-width: 650px) 100vw, 650px\" \/><\/figure><div class=\"wp-block-media-text__content\">\n<p>Endotoxine haute puissance destin\u00e9es \u00e0 \u00eatre utilis\u00e9e dans les d\u00e9fis du syst\u00e8me d\u2019\u00e9limination des endotoxines, p. ex. \u00e9tuves de d\u00e9pyrog\u00e9nation et autres \u00e9tudes par ajouts dos\u00e9s.<\/p>\n\n\n\n<div class=\"wp-block-buttons is-layout-flex wp-block-buttons-is-layout-flex\">\n<div class=\"wp-block-button\"><a class=\"wp-block-button__link wp-element-button\" href=\"https:\/\/www.thtbiopro.com\/?page_id=168\"><mark style=\"background-color:#ff6900\" class=\"has-inline-color has-white-color\">Nous Contacter<\/mark><\/a><\/div>\n<\/div>\n<\/div><\/div>\n\n\n\n<hr class=\"wp-block-separator has-alpha-channel-opacity\"\/>\n\n\n\n<h2 class=\"wp-block-heading\">Invitrogen&#x2122;\u00a0MycoFluor&#x2122; Mycoplasma Detection Kit<\/h2>\n\n\n\n<div class=\"wp-block-media-text is-stacked-on-mobile\"><figure class=\"wp-block-media-text__media\"><img decoding=\"async\" loading=\"lazy\" width=\"650\" height=\"600\" src=\"https:\/\/www.thtbiopro.com\/wp-content\/uploads\/2023\/08\/M7006.jpg-650.webp\" alt=\"\" class=\"wp-image-252 size-full\" srcset=\"https:\/\/www.thtbiopro.com\/wp-content\/uploads\/2023\/08\/M7006.jpg-650.webp 650w, https:\/\/www.thtbiopro.com\/wp-content\/uploads\/2023\/08\/M7006.jpg-650-300x277.webp 300w\" sizes=\"(max-width: 650px) 100vw, 650px\" \/><\/figure><div class=\"wp-block-media-text__content\">\n<p>Identifiez visuellement l\u2019infection mycoplasmique dans les cultures cellulaires<\/p>\n\n\n\n<div class=\"wp-block-buttons is-layout-flex wp-block-buttons-is-layout-flex\">\n<div class=\"wp-block-button\"><a class=\"wp-block-button__link wp-element-button\" href=\"https:\/\/www.thtbiopro.com\/?page_id=168\"><mark style=\"background-color:#ff6900\" class=\"has-inline-color has-white-color\">Nous Contacter<\/mark><\/a><\/div>\n<\/div>\n<\/div><\/div>\n\n\n\n<hr class=\"wp-block-separator has-alpha-channel-opacity\"\/>\n\n\n\n<h2 class=\"wp-block-heading\">Autres produits: remplissez le formulaire.<\/h2>\n\n\n\n<div class=\"wp-block-contact-form-7-contact-form-selector\">\n<div class=\"wpcf7 no-js\" id=\"wpcf7-f88-o1\" lang=\"fr-FR\" dir=\"ltr\">\n<div class=\"screen-reader-response\"><p role=\"status\" aria-live=\"polite\" aria-atomic=\"true\"><\/p> <ul><\/ul><\/div>\n<form action=\"\/index.php?rest_route=%2Fwp%2Fv2%2Fpages%2F53#wpcf7-f88-o1\" method=\"post\" class=\"wpcf7-form init\" aria-label=\"Formulaire de contact\" novalidate=\"novalidate\" data-status=\"init\">\n<div style=\"display: none;\">\n<input type=\"hidden\" name=\"_wpcf7\" value=\"88\" \/>\n<input type=\"hidden\" name=\"_wpcf7_version\" value=\"5.9.8\" \/>\n<input type=\"hidden\" name=\"_wpcf7_locale\" value=\"fr_FR\" \/>\n<input type=\"hidden\" name=\"_wpcf7_unit_tag\" value=\"wpcf7-f88-o1\" \/>\n<input type=\"hidden\" name=\"_wpcf7_container_post\" value=\"0\" \/>\n<input type=\"hidden\" name=\"_wpcf7_posted_data_hash\" value=\"\" \/>\n<\/div>\n<p><label> Votre nom<br \/>\n<span class=\"wpcf7-form-control-wrap\" data-name=\"your-name\"><input size=\"40\" maxlength=\"400\" class=\"wpcf7-form-control wpcf7-text wpcf7-validates-as-required\" autocomplete=\"name\" aria-required=\"true\" aria-invalid=\"false\" value=\"\" type=\"text\" name=\"your-name\" \/><\/span> <\/label>\n<\/p>\n<p><label> Votre e-mail<br \/>\n<span class=\"wpcf7-form-control-wrap\" data-name=\"your-email\"><input size=\"40\" maxlength=\"400\" class=\"wpcf7-form-control wpcf7-email wpcf7-validates-as-required wpcf7-text wpcf7-validates-as-email\" autocomplete=\"email\" aria-required=\"true\" aria-invalid=\"false\" value=\"\" type=\"email\" name=\"your-email\" \/><\/span> <\/label>\n<\/p>\n<p><label> Objet<br \/>\n<span class=\"wpcf7-form-control-wrap\" data-name=\"your-subject\"><input size=\"40\" maxlength=\"400\" class=\"wpcf7-form-control wpcf7-text wpcf7-validates-as-required\" aria-required=\"true\" aria-invalid=\"false\" value=\"\" type=\"text\" name=\"your-subject\" \/><\/span> <\/label>\n<\/p>\n<p><label> Votre message (facultatif)<br \/>\n<span class=\"wpcf7-form-control-wrap\" data-name=\"your-message\"><textarea cols=\"40\" rows=\"10\" maxlength=\"2000\" class=\"wpcf7-form-control wpcf7-textarea\" aria-invalid=\"false\" name=\"your-message\"><\/textarea><\/span> <\/label>\n<\/p>\n<p><input class=\"wpcf7-form-control wpcf7-submit has-spinner\" type=\"submit\" value=\"Envoyer\" \/>\n<\/p><p style=\"display: none !important;\"><label>&#916;<textarea name=\"_wpcf7_ak_hp_textarea\" cols=\"45\" rows=\"8\" maxlength=\"100\"><\/textarea><\/label><input type=\"hidden\" id=\"ak_js_1\" name=\"_wpcf7_ak_js\" value=\"126\"\/><script>document.getElementById( \"ak_js_1\" ).setAttribute( \"value\", ( new Date() ).getTime() );<\/script><\/p><div class=\"wpcf7-response-output\" aria-hidden=\"true\"><\/div>\n<\/form>\n<\/div>\n<\/div>\n","protected":false},"excerpt":{"rendered":"<p>\u00ab\u00a0les antibiotiques: Compos\u00e9s et substances qui emp\u00eachent ou ralentissent la croissance des bact\u00e9ries ; utilis\u00e9s comme moyen de pr\u00e9venir la contamination bact\u00e9rienne dans les cultures cellulaires ; diverses formulations et volumes disponibles.\u00a0\u00bb Gibco&#x2122;\u00a0Antibiotique s\u00e9lectif Geneticin&#x2122; (G418 sulfate) (50\u00a0mg\/ml) Gibco&#x2122;\u00a0P\u00e9nicilline-streptomycine (10\u00a0000\u00a0U\/ml) Invitrogen&#x2122;\u00a0Actinomycin D Lonza&#x2122;\u00a0Kit de d\u00e9tection de mycoplasmes MycoAlert&#x2122; PLUS (100\u00a0tests) MP Biomedicals&#x2122;\u00a0Agent d\u2019\u00e9limination mycoplasmique (ARM) [&hellip;]<\/p>\n","protected":false},"author":3,"featured_media":0,"parent":0,"menu_order":0,"comment_status":"closed","ping_status":"closed","template":"","meta":{"footnotes":""},"_links":{"self":[{"href":"https:\/\/www.thtbiopro.com\/index.php?rest_route=\/wp\/v2\/pages\/53"}],"collection":[{"href":"https:\/\/www.thtbiopro.com\/index.php?rest_route=\/wp\/v2\/pages"}],"about":[{"href":"https:\/\/www.thtbiopro.com\/index.php?rest_route=\/wp\/v2\/types\/page"}],"author":[{"embeddable":true,"href":"https:\/\/www.thtbiopro.com\/index.php?rest_route=\/wp\/v2\/users\/3"}],"replies":[{"embeddable":true,"href":"https:\/\/www.thtbiopro.com\/index.php?rest_route=%2Fwp%2Fv2%2Fcomments&post=53"}],"version-history":[{"count":4,"href":"https:\/\/www.thtbiopro.com\/index.php?rest_route=\/wp\/v2\/pages\/53\/revisions"}],"predecessor-version":[{"id":254,"href":"https:\/\/www.thtbiopro.com\/index.php?rest_route=\/wp\/v2\/pages\/53\/revisions\/254"}],"wp:attachment":[{"href":"https:\/\/www.thtbiopro.com\/index.php?rest_route=%2Fwp%2Fv2%2Fmedia&parent=53"}],"curies":[{"name":"wp","href":"https:\/\/api.w.org\/{rel}","templated":true}]}}